{"id":13479,"date":"2015-01-20T18:25:04","date_gmt":"2015-01-20T18:25:04","guid":{"rendered":"https:\/\/www.greerinjurylawyers.com\/thomas-r-greer\/"},"modified":"2025-05-15T15:49:01","modified_gmt":"2025-05-15T15:49:01","slug":"thomas-r-greer","status":"publish","type":"page","link":"https:\/\/www.greerinjurylawyers.com\/es\/thomas-r-greer\/","title":{"rendered":"Thomas R. Greer"},"content":{"rendered":"\r\n\r\n\t<h1>Thomas R. Greer<\/h1>\r\n<h2>Socio<\/h2>\r\n\t<p><em>\u00abDesde una edad temprana supe que quer\u00eda ser abogado, y no cualquier abogado. Quer\u00eda ser abogado litigante, como mi padre y mi abuelo. Estoy orgulloso del trabajo que realizo para mis clientes. Represento a los m\u00e1s vulnerables. Ayudo a poner a los despose\u00eddos en igualdad de condiciones con los poderosos. S\u00e9 que sin m\u00ed, o alguien como yo, las corporaciones y las compa\u00f1\u00edas de seguros quebrantar\u00edan las reglas y nunca asumir\u00edan completamente la responsabilidad por el da\u00f1o que causan.\u00bb<\/em><\/p>\r\n<p><strong><em>&#8211; Thomas R. Greer<\/em><\/strong><\/p>\r\n\t<iframe allowfullscreen allow=\"autoplay\" data-src=\"https:\/\/www.youtube.com\/embed\/dv5X2q17D8k?feature=oembed&amp;start&amp;end&amp;wmode=opaque&amp;loop=0&amp;controls=1&amp;mute=0&amp;rel=0&amp;modestbranding=0\"><\/iframe>\t\t\r\n\t\t\t\t\tPlay Video\r\n\t<h2>Logros Profesionales<\/h2>\r\n<p>Desde que se gradu\u00f3 magna cum laude en 2005 de la Facultad de Derecho de la Universidad de Memphis, Thomas ha dedicado su carrera a marcar una diferencia significativa en las vidas de las v\u00edctimas de lesiones personales graves, muerte injusta y negligencia profesional.<\/p>\r\n<p>Con una amplia experiencia en juicios tanto en tribunales estatales como federales, Thomas ha logrado numerosas victorias en la sala del tribunal. Entre sus logros, ha obtenido varios veredictos y acuerdos impresionantes, incluidos:<\/p>\r\n\t\t\t\t<img decoding=\"async\" src=\"https:\/\/www.greerinjurylawyers.com\/wp-content\/uploads\/2023\/11\/The-Tennesse-Trial-Lawyers.jpg\" alt=\"The Tennesse Trial Lawyers\" itemprop=\"image\" height=\"416\" width=\"319\" title=\"The Tennesse Trial Lawyers\" onerror=\"this.style.display='none'\" loading='lazy' \/>\r\n\t<ul>\r\n<li>Veredicto de jurado de <strong>$9.4 millones<\/strong> en un caso de lesiones personales que involucr\u00f3 a un hombre al que se le sirvi\u00f3 un l\u00edquido t\u00f3xico en lugar de agua.<\/li>\r\n<li>Acuerdo de<strong> $5 millones<\/strong> en un caso de lesiones por accidente de cami\u00f3n.<\/li>\r\n<li>Veredicto de <strong>$4.5 millones<\/strong> en un caso de accidente mortal de motocicleta.<\/li>\r\n<li>Veredicto de jurado de<strong> $3.7 millones <\/strong>en un caso de lesiones personales por accidente de cami\u00f3n.<\/li>\r\n<li>Acuerdo de <strong>$2.75 millones <\/strong>por muerte injusta derivada de un incendio en un apartamento que mat\u00f3 a un ni\u00f1o peque\u00f1o.<\/li>\r\n<li>Veredicto de m\u00e1s de<strong> $2.5 millones <\/strong>en un caso de lesiones por accidente de cami\u00f3n.<\/li>\r\n<li>Acuerdo de<strong> $1.75 millones<\/strong> en un caso de p\u00e9rdida de propiedad comercial.<\/li>\r\n<li>Acuerdo de <strong>$1.6 millones<\/strong> en un caso de accidente de cami\u00f3n.<\/li>\r\n<li>Veredicto de <strong>$1.2 millones <\/strong>por lesiones personales en un caso de cami\u00f3n.<\/li>\r\n<li>Veredicto de jurado de<strong> $1.063 millones <\/strong>en un caso de negligencia m\u00e9dica.<\/li>\r\n<li>Acuerdo de<strong> $1 mill\u00f3n <\/strong>en un caso de muerte injusta por negligencia m\u00e9dica debido a un diagn\u00f3stico err\u00f3neo de un aneurisma cerebral.<\/li>\r\n<li>Veredicto de jurado de <strong>$500,000<\/strong> en un caso de muerte injusta por accidente automovil\u00edstico.<\/li>\r\n<li>Veredicto de jurado de <strong>$450,000<\/strong> en un caso de lesiones personales por accidente automovil\u00edstico.<\/li>\r\n<li>Veredicto de <strong>$300,000 <\/strong>en un caso de lesiones personales por accidente de cami\u00f3n.<\/li>\r\n<\/ul>\r\n\t<p>Thomas tambi\u00e9n ha realizado destacadas apariciones ante la Corte Suprema de Tennessee, la Corte de Apelaciones de Tennessee, la Corte de Apelaciones del Sexto Circuito y la Corte de Apelaciones del Octavo Circuito, demostrando su habilidad y experiencia en manejar casos complejos en las m\u00e1s altas instancias judiciales.<\/p>\r\n<p>Con tan solo 37 a\u00f1os, Thomas se convirti\u00f3 en Presidente de la Asociaci\u00f3n de Abogados Litigantes de Tennessee, una organizaci\u00f3n dedicada a la preservaci\u00f3n del sistema de justicia civil y la protecci\u00f3n de los derechos de los ciudadanos de Tennessee que sufren lesiones. Fue uno de los miembros m\u00e1s j\u00f3venes en ocupar este importante cargo. Adem\u00e1s, Thomas participa activamente en diversas organizaciones estatales y nacionales, y con frecuencia es invitado a ense\u00f1ar a otros abogados en seminarios educativos.<\/p>\r\n<p>En 2012, Thomas fue incluido en la lista de <em>The National Trial Lawyers: Top 40 Under 40.<\/em><\/p>\r\n<p>En 2015, fue invitado a unirse al American Board of Trial Advocates, una organizaci\u00f3n exclusiva y de prestigio, reservada para los abogados m\u00e1s experimentados y \u00e9ticos del pa\u00eds.<\/p>\r\n<p>En 2020, fue nombrado Abogado Litigante Sobresaliente del A\u00f1o por la Asociaci\u00f3n de Abogados Litigantes de Tennessee.<\/p>\r\n<p>En 2023, fue seleccionado como miembro del Memphis Bar Foundation Fellow.<\/p>\r\n<p>Thomas tambi\u00e9n ha obtenido una calificaci\u00f3n de 10 sobre 10 en Avvo, un sitio web independiente de rese\u00f1as de abogados, y una calificaci\u00f3n AV Preeminent de Martindale-Hubbell, la calificaci\u00f3n m\u00e1s alta otorgada por sus compa\u00f1eros abogados y jueces.<\/p>\r\n<p>Thomas ha sido destacado en publicaciones como <em>The Commercial Appeal<\/em> y <em>Memphis Daily News<\/em>, y ha contribuido como columnista invitado en <em>The Commercial Appeal.<\/em> Adem\u00e1s, Thomas ha hecho apariciones en estaciones locales de noticias de TV, incluyendo NBC, CBS, ABC y FOX13.<\/p>\r\n\t<h2>Informaci\u00f3n Personal<\/h2>\r\n<strong><br \/>\r\n<\/strong>Thomas se describe a s\u00ed mismo como un \u00abhombre de familia\u00bb. Vive en Memphis con su maravillosa esposa y sus cuatro hijas inteligentes, hermosas y divertidas. Cuando no est\u00e1 trabajando para mejorar la vida de sus clientes, Thomas suele pasar tiempo con su familia, jugando con sus hijas en el jard\u00edn, en el parque o en la piscina. Cada vez m\u00e1s, se le puede ver llevando a las ni\u00f1as a la escuela y a otras actividades, como fiestas de cumplea\u00f1os, pijamadas, citas con el ortodoncista y clases de tenis, ballet y viol\u00edn. Thomas trata de inculcar en sus hijas la importancia del trabajo duro, la responsabilidad personal, la rendici\u00f3n de cuentas y la compasi\u00f3n hacia los dem\u00e1s.\r\n<p>Thomas tambi\u00e9n cree firmemente en retribuir a la comunidad y en apoyar a aquellos en nuestra sociedad que son menos afortunados. Con el apoyo de la firma, Thomas y su esposa organizaron y celebraron una fiesta de regreso a la escuela, con castillos inflables, juegos de carnaval, conos de nieve y pizza, y proporcionaron m\u00e1s de 50 mochilas nuevas llenas de materiales escolares para todo el a\u00f1o al <em>Boys &amp; Girls Club of Greater Memphis<\/em>.<\/p>\r\n<p>Varias veces al a\u00f1o, Thomas ofrece presentaciones del programa <em>End Distracted Driving<\/em> a estudiantes de secundaria en todo el condado de Shelby. El programa fue creado por el abogado litigante Joel Feldman, cuya hija Casey fue asesinada por un conductor distra\u00eddo a los 21 a\u00f1os. Est\u00e1 dise\u00f1ado para concienciar sobre la epidemia de la conducci\u00f3n distra\u00edda y proporcionar herramientas \u00fatiles que los adolescentes pueden utilizar para combatir el problema. Para m\u00e1s informaci\u00f3n, visita <a href=\"http:\/\/www.enddd.org\">www.EndDD.org<\/a>.<\/p>\r\n<p>Desde 2015, Greer Injury Lawyers ha participado en el Programa de Pr\u00e1cticas de Verano de la <em>Memphis Bar Association<\/em> para estudiantes de secundaria de minor\u00edas del \u00e1rea de Memphis. La firma expone a los estudiantes a casos reales, llev\u00e1ndolos a deposiciones, mediaciones y juicios. Al final del programa, la firma otorga una generosa beca a los estudiantes participantes. Algunos de los estudiantes luego trabajan a medio tiempo para la firma como asistentes y empleados, y muchos se sienten inspirados a seguir una carrera legal.<\/p>\r\n<p>Thomas tambi\u00e9n act\u00faa como mentor de varios estudiantes de secundaria que buscan aprovechar la <em>TN Promise Scholarship<\/em>. Como mentor, Thomas sirve como recurso y ofrece aliento y apoyo a los estudiantes, incluyendo asistir a reuniones de equipos de secundaria y universidad, recordarles las fechas l\u00edmite importantes y ayudar a eliminar las barreras asociadas con el acceso y el \u00e9xito en la educaci\u00f3n superior.<\/p>\r\n\t<h2>Educaci\u00f3n<\/h2>\r\n<ul>\r\n<li>JD, magna cum laude,<em> Cecil C. Humphreys School of Law<\/em>, Universidad de Memphis, 2005\r\n<ul>\r\n<li>Revista de Derecho<\/li>\r\n<li>Premio CALI por su excelencia<\/li>\r\n<\/ul>\r\n<\/li>\r\n<li>BS, cum laude, Historia, Universidad Tecnol\u00f3gica de Tennessee, 2001\r\n<ul>\r\n<li>Beca de Liderazgo <em>Earl McDonald<\/em><\/li>\r\n<li><em>Phi Alpha Theta<\/em>: Sociedad de Honor en Historia<\/li>\r\n<li><em>Sigma Alpha Epsilon,<\/em> Presidente<\/li>\r\n<\/ul>\r\n<\/li>\r\n<li>Estudios Internacionales, Universidad de Sunderland, Inglaterra, 2001<\/li>\r\n<\/ul>\r\n\t<h2>Actividades, Organizaciones y Distinciones<\/h2>\r\n<ul>\r\n<li>Calificaci\u00f3n <em>AV Preeminent<\/em> de<em> Martindale-Hubbell<\/em><\/li>\r\n<li>Asociaci\u00f3n de Abogados Litigantes de Tennessee\r\n<ul>\r\n<li>Presidente Anterior<\/li>\r\n<li>Vicepresidente Anterior<\/li>\r\n<li>Junta de Gobernadores<\/li>\r\n<li>Varios Comit\u00e9s<\/li>\r\n<\/ul>\r\n<\/li>\r\n<li>Asociaci\u00f3n Americana de Justicia\r\n<ul>\r\n<li>Junta de Gobernadores: 2014-2018<\/li>\r\n<\/ul>\r\n<\/li>\r\n<li><em>The National Trial Lawyers: Top 40 Under 40<\/em><\/li>\r\n<li><em>American Board of Trial Advocates<\/em><\/li>\r\n<li><em>National Police Accountability Project<\/em><\/li>\r\n<li>Mentor Aprobado por la Regla 21 de la Corte Suprema<\/li>\r\n<li>Asociaci\u00f3n de Abogados de Mississippi<\/li>\r\n<li>Asociaci\u00f3n de Justicia de Mississippi<\/li>\r\n<li>Abogados Involucrados por Tennessee<\/li>\r\n<\/ul>\r\n\t<h2>Admisiones en la Corte<\/h2>\r\n<ul>\r\n<li>Tennessee, 2005<\/li>\r\n<li>Mississippi, 2016<\/li>\r\n<li>Arkansas 2017<\/li>\r\n<li>Corte de Distrito de los Estados Unidos para el Distrito Oeste de Tennessee, 2006<\/li>\r\n<li>Corte de Distrito de los Estados Unidos para los Distritos Este y Oeste de Arkansas, 2010<\/li>\r\n<li>Corte de Apelaciones del Sexto Circuito, 2010<\/li>\r\n<li>Corte de Apelaciones del Octavo Circuito, 2013<\/li>\r\n<li>Corte de Distrito de los Estados Unidos para el Distrito Norte de Mississippi, 2016<\/li>\r\n<\/ul>\r\n\t\t\t\t<img decoding=\"async\" src=\"https:\/\/www.greerinjurylawyers.com\/wp-content\/uploads\/2023\/11\/Thomas-Greer-at-Work.jpg\" alt=\"Thomas Greer at Work\" itemprop=\"image\" height=\"310\" width=\"470\" title=\"Thomas Greer at Work\" onerror=\"this.style.display='none'\" loading='lazy' \/>\r\n\t<h2>Presentaciones<\/h2>\r\n<ul>\r\n<li>Manejo de Reclamaciones por Responsabilidad Policial, <em>National Business Institute<\/em>, 9 de diciembre de 2011<\/li>\r\n<li>Reclamaciones por Responsabilidad por Da\u00f1os del Gobierno de Tennessee, Tennessee,<em> Association for Justice,<\/em> 23 de febrero de 2012<\/li>\r\n<li>Mantener a Todos Felices: Evitar Quejas \u00c9ticas Mientras Creces: Pr\u00e1ctica, <em>Tennessee Association for Justice,<\/em> 14 de diciembre de 2012<\/li>\r\n<li>Ponente en Belli, <em>Tennessee Association for Justice<\/em>, 14 de junio de 2013<\/li>\r\n<li>Mantener a los Clientes Felices y Evitar Problemas, <em>Memphis Bar Association<\/em>, 14 de noviembre de 2013<\/li>\r\n<li>Grav\u00e1menes Hospitalarios, Subrogaci\u00f3n y Pagos M\u00e9dicos: Una Gu\u00eda para Abogados de Demandantes de Tennessee, <em>Tennessee Association for Justice<\/em>, 12 de diciembre de 2013<\/li>\r\n<li>El Reptil: Maestros en Da\u00f1os, 2017<\/li>\r\n<li>Preparando el Escenario para Ganar en la Conferencia Previa al Juicio,<em> Tennessee Trial Lawyers Association,<\/em> octubre de 2019<\/li>\r\n<li>Profesionalismo en los Tribunales, <em>Tennessee Trial Lawyers Association<\/em>, octubre de 2019<\/li>\r\n<li>Uso de T\u00e1cticas de Defensa para Ganar Tu Caso, <em>Tennessee Trial Lawyers Association<\/em>, junio de 2020<\/li>\r\n<li>Dep\u00f3sitos Eficaces por Zoom, <em>Tennessee Trial Lawyers Association<\/em>, diciembre de 2020<\/li>\r\n<li>Preparando el Escenario para Ganar en la Conferencia Previa al Juicio, <em>Tennessee Trial Lawyers Association<\/em>, marzo de 2021<\/li>\r\n<li>Declaraciones de Apertura, <em>Memphis Bar Association<\/em>, noviembre de 2022<\/li>\r\n<li>Preparando la Pr\u00f3xima Generaci\u00f3n de Abogados Litigantes, <em>Tennessee Trial Lawyers, <\/em>enero de 2023<\/li>\r\n<li>Argumento Final: Hazlo a lo Grande o Vete a Casa, <em>Tennessee Trial Lawyers Association<\/em>, noviembre de 2023<\/li>\r\n<\/ul>\r\n\t<h3><a href=\"https:\/\/www.greerinjurylawyers.com\/congratulations-thomas-greer-on-being-named-outstanding-tennessee-trial-lawyer-of-the-year\/\" target=\"_blank\" rel=\"noopener\">Thomas R. Greer fue Nombrado \u00abAbogado Litigante del A\u00f1o\u00bb en 2020<\/a><\/h3>\r\n\t<iframe allowfullscreen allow=\"autoplay\" data-src=\"https:\/\/www.youtube.com\/embed\/reCvZkQyPoE?feature=oembed&amp;start&amp;end&amp;wmode=opaque&amp;loop=0&amp;controls=1&amp;mute=0&amp;rel=0&amp;modestbranding=0\"><\/iframe>\t\t\r\n\t\t\t\t\tPlay Video\r\n\t\t\t\t<img decoding=\"async\" src=\"https:\/\/www.greerinjurylawyers.com\/wp-content\/uploads\/2023\/11\/Thomas-R-Greer-at-work.jpg\" alt=\"Thomas R Greer at work\" itemprop=\"image\" height=\"440\" width=\"668\" title=\"Thomas R Greer at work\" onerror=\"this.style.display='none'\" loading='lazy' \/>\r\n\r\n","protected":false},"excerpt":{"rendered":"<p>Thomas R. Greer Socio \u00abDesde una edad temprana supe que quer\u00eda ser abogado, y no cualquier abogado. Quer\u00eda ser abogado litigante, como mi padre y mi abuelo. Estoy orgulloso del trabajo que realizo para mis clientes. Represento a los m\u00e1s vulnerables. Ayudo a poner a los despose\u00eddos en igualdad de condiciones con los poderosos. S\u00e9&hellip;<\/p>\n","protected":false},"author":6,"featured_media":0,"parent":0,"menu_order":0,"comment_status":"closed","ping_status":"open","template":"","meta":{"footnotes":""},"class_list":["post-13479","page","type-page","status-publish","hentry"],"yoast_head":"<!-- This site is optimized with the Yoast SEO plugin v27.3 - https:\/\/yoast.com\/product\/yoast-seo-wordpress\/ -->\n<title>Thomas R. Greer | Socio | Greer Injury Lawyers PLLC<\/title>\n<meta name=\"description\" content=\"Since graduated magna cum laude in 2005 from the University of Memphis School of Law, Thomas has helped make a difference in the lives of victims of negligence.\" \/>\n<meta name=\"robots\" content=\"index, follow, max-snippet:-1, max-image-preview:large, max-video-preview:-1\" \/>\n<link rel=\"canonical\" href=\"https:\/\/www.greerinjurylawyers.com\/es\/thomas-r-greer\/\" \/>\n<meta property=\"og:locale\" content=\"es_ES\" \/>\n<meta property=\"og:type\" content=\"article\" \/>\n<meta property=\"og:title\" content=\"Thomas R. Greer | Socio | Greer Injury Lawyers PLLC\" \/>\n<meta property=\"og:description\" content=\"Since graduated magna cum laude in 2005 from the University of Memphis School of Law, Thomas has helped make a difference in the lives of victims of negligence.\" \/>\n<meta property=\"og:url\" content=\"https:\/\/www.greerinjurylawyers.com\/es\/thomas-r-greer\/\" \/>\n<meta property=\"og:site_name\" content=\"Greer Injury Lawyers\" \/>\n<meta property=\"article:modified_time\" content=\"2025-05-15T15:49:01+00:00\" \/>\n<meta property=\"og:image\" content=\"https:\/\/www.greerinjurylawyers.com\/wp-content\/uploads\/2023\/11\/The-Tennesse-Trial-Lawyers.jpg\" \/>\n<meta name=\"twitter:label1\" content=\"Tiempo de lectura\" \/>\n\t<meta name=\"twitter:data1\" content=\"8 minutos\" \/>\n<script type=\"application\/ld+json\" class=\"yoast-schema-graph\">{\"@context\":\"https:\\\/\\\/schema.org\",\"@graph\":[{\"@type\":\"WebPage\",\"@id\":\"https:\\\/\\\/www.greerinjurylawyers.com\\\/es\\\/thomas-r-greer\\\/\",\"url\":\"https:\\\/\\\/www.greerinjurylawyers.com\\\/es\\\/thomas-r-greer\\\/\",\"name\":\"Thomas R. Greer | Socio | Greer Injury Lawyers PLLC\",\"isPartOf\":{\"@id\":\"https:\\\/\\\/www.greerinjurylawyers.com\\\/#website\"},\"primaryImageOfPage\":{\"@id\":\"https:\\\/\\\/www.greerinjurylawyers.com\\\/es\\\/thomas-r-greer\\\/#primaryimage\"},\"image\":{\"@id\":\"https:\\\/\\\/www.greerinjurylawyers.com\\\/es\\\/thomas-r-greer\\\/#primaryimage\"},\"thumbnailUrl\":\"https:\\\/\\\/www.greerinjurylawyers.com\\\/wp-content\\\/uploads\\\/2023\\\/11\\\/The-Tennesse-Trial-Lawyers.jpg\",\"datePublished\":\"2015-01-20T18:25:04+00:00\",\"dateModified\":\"2025-05-15T15:49:01+00:00\",\"description\":\"Since graduated magna cum laude in 2005 from the University of Memphis School of Law, Thomas has helped make a difference in the lives of victims of negligence.\",\"breadcrumb\":{\"@id\":\"https:\\\/\\\/www.greerinjurylawyers.com\\\/es\\\/thomas-r-greer\\\/#breadcrumb\"},\"inLanguage\":\"es\",\"potentialAction\":[{\"@type\":\"ReadAction\",\"target\":[\"https:\\\/\\\/www.greerinjurylawyers.com\\\/es\\\/thomas-r-greer\\\/\"]}]},{\"@type\":\"ImageObject\",\"inLanguage\":\"es\",\"@id\":\"https:\\\/\\\/www.greerinjurylawyers.com\\\/es\\\/thomas-r-greer\\\/#primaryimage\",\"url\":\"https:\\\/\\\/www.greerinjurylawyers.com\\\/wp-content\\\/uploads\\\/2023\\\/11\\\/The-Tennesse-Trial-Lawyers.jpg\",\"contentUrl\":\"https:\\\/\\\/www.greerinjurylawyers.com\\\/wp-content\\\/uploads\\\/2023\\\/11\\\/The-Tennesse-Trial-Lawyers.jpg\"},{\"@type\":\"BreadcrumbList\",\"@id\":\"https:\\\/\\\/www.greerinjurylawyers.com\\\/es\\\/thomas-r-greer\\\/#breadcrumb\",\"itemListElement\":[{\"@type\":\"ListItem\",\"position\":1,\"name\":\"Home\",\"item\":\"https:\\\/\\\/www.greerinjurylawyers.com\\\/es\\\/\"},{\"@type\":\"ListItem\",\"position\":2,\"name\":\"Thomas R. Greer\"}]},{\"@type\":\"WebSite\",\"@id\":\"https:\\\/\\\/www.greerinjurylawyers.com\\\/#website\",\"url\":\"https:\\\/\\\/www.greerinjurylawyers.com\\\/\",\"name\":\"Greer Injury Lawyers\",\"description\":\"Memphis Personal Injury and Medical Malpractice Lawyers\",\"potentialAction\":[{\"@type\":\"SearchAction\",\"target\":{\"@type\":\"EntryPoint\",\"urlTemplate\":\"https:\\\/\\\/www.greerinjurylawyers.com\\\/?s={search_term_string}\"},\"query-input\":{\"@type\":\"PropertyValueSpecification\",\"valueRequired\":true,\"valueName\":\"search_term_string\"}}],\"inLanguage\":\"es\"}]}<\/script>\n<!-- \/ Yoast SEO plugin. -->","yoast_head_json":{"title":"Thomas R. Greer | Socio | Greer Injury Lawyers PLLC","description":"Since graduated magna cum laude in 2005 from the University of Memphis School of Law, Thomas has helped make a difference in the lives of victims of negligence.","robots":{"index":"index","follow":"follow","max-snippet":"max-snippet:-1","max-image-preview":"max-image-preview:large","max-video-preview":"max-video-preview:-1"},"canonical":"https:\/\/www.greerinjurylawyers.com\/es\/thomas-r-greer\/","og_locale":"es_ES","og_type":"article","og_title":"Thomas R. Greer | Socio | Greer Injury Lawyers PLLC","og_description":"Since graduated magna cum laude in 2005 from the University of Memphis School of Law, Thomas has helped make a difference in the lives of victims of negligence.","og_url":"https:\/\/www.greerinjurylawyers.com\/es\/thomas-r-greer\/","og_site_name":"Greer Injury Lawyers","article_modified_time":"2025-05-15T15:49:01+00:00","og_image":[{"url":"https:\/\/www.greerinjurylawyers.com\/wp-content\/uploads\/2023\/11\/The-Tennesse-Trial-Lawyers.jpg","type":"","width":"","height":""}],"twitter_misc":{"Tiempo de lectura":"8 minutos"},"schema":{"@context":"https:\/\/schema.org","@graph":[{"@type":"WebPage","@id":"https:\/\/www.greerinjurylawyers.com\/es\/thomas-r-greer\/","url":"https:\/\/www.greerinjurylawyers.com\/es\/thomas-r-greer\/","name":"Thomas R. Greer | Socio | Greer Injury Lawyers PLLC","isPartOf":{"@id":"https:\/\/www.greerinjurylawyers.com\/#website"},"primaryImageOfPage":{"@id":"https:\/\/www.greerinjurylawyers.com\/es\/thomas-r-greer\/#primaryimage"},"image":{"@id":"https:\/\/www.greerinjurylawyers.com\/es\/thomas-r-greer\/#primaryimage"},"thumbnailUrl":"https:\/\/www.greerinjurylawyers.com\/wp-content\/uploads\/2023\/11\/The-Tennesse-Trial-Lawyers.jpg","datePublished":"2015-01-20T18:25:04+00:00","dateModified":"2025-05-15T15:49:01+00:00","description":"Since graduated magna cum laude in 2005 from the University of Memphis School of Law, Thomas has helped make a difference in the lives of victims of negligence.","breadcrumb":{"@id":"https:\/\/www.greerinjurylawyers.com\/es\/thomas-r-greer\/#breadcrumb"},"inLanguage":"es","potentialAction":[{"@type":"ReadAction","target":["https:\/\/www.greerinjurylawyers.com\/es\/thomas-r-greer\/"]}]},{"@type":"ImageObject","inLanguage":"es","@id":"https:\/\/www.greerinjurylawyers.com\/es\/thomas-r-greer\/#primaryimage","url":"https:\/\/www.greerinjurylawyers.com\/wp-content\/uploads\/2023\/11\/The-Tennesse-Trial-Lawyers.jpg","contentUrl":"https:\/\/www.greerinjurylawyers.com\/wp-content\/uploads\/2023\/11\/The-Tennesse-Trial-Lawyers.jpg"},{"@type":"BreadcrumbList","@id":"https:\/\/www.greerinjurylawyers.com\/es\/thomas-r-greer\/#breadcrumb","itemListElement":[{"@type":"ListItem","position":1,"name":"Home","item":"https:\/\/www.greerinjurylawyers.com\/es\/"},{"@type":"ListItem","position":2,"name":"Thomas R. Greer"}]},{"@type":"WebSite","@id":"https:\/\/www.greerinjurylawyers.com\/#website","url":"https:\/\/www.greerinjurylawyers.com\/","name":"Greer Injury Lawyers","description":"Memphis Personal Injury and Medical Malpractice Lawyers","potentialAction":[{"@type":"SearchAction","target":{"@type":"EntryPoint","urlTemplate":"https:\/\/www.greerinjurylawyers.com\/?s={search_term_string}"},"query-input":{"@type":"PropertyValueSpecification","valueRequired":true,"valueName":"search_term_string"}}],"inLanguage":"es"}]}},"_links":{"self":[{"href":"https:\/\/www.greerinjurylawyers.com\/es\/wp-json\/wp\/v2\/pages\/13479","targetHints":{"allow":["GET"]}}],"collection":[{"href":"https:\/\/www.greerinjurylawyers.com\/es\/wp-json\/wp\/v2\/pages"}],"about":[{"href":"https:\/\/www.greerinjurylawyers.com\/es\/wp-json\/wp\/v2\/types\/page"}],"author":[{"embeddable":true,"href":"https:\/\/www.greerinjurylawyers.com\/es\/wp-json\/wp\/v2\/users\/6"}],"replies":[{"embeddable":true,"href":"https:\/\/www.greerinjurylawyers.com\/es\/wp-json\/wp\/v2\/comments?post=13479"}],"version-history":[{"count":0,"href":"https:\/\/www.greerinjurylawyers.com\/es\/wp-json\/wp\/v2\/pages\/13479\/revisions"}],"wp:attachment":[{"href":"https:\/\/www.greerinjurylawyers.com\/es\/wp-json\/wp\/v2\/media?parent=13479"}],"curies":[{"name":"wp","href":"https:\/\/api.w.org\/{rel}","templated":true}]}}